{"id":765,"date":"2025-01-16T07:34:45","date_gmt":"2025-01-16T07:34:45","guid":{"rendered":"https:\/\/bomretiro.be\/tem-de-ver\/"},"modified":"2025-03-06T08:26:19","modified_gmt":"2025-03-06T08:26:19","slug":"tem-de-ver","status":"publish","type":"page","link":"https:\/\/bomretiro.be\/pt-pt\/tem-de-ver\/","title":{"rendered":"TEM DE VER"},"content":{"rendered":"<p>[et_pb_section fb_built=&#8221;1&#8243; fullwidth=&#8221;on&#8221; disabled_on=&#8221;off|off|off&#8221; _builder_version=&#8221;4.27.4&#8243; _module_preset=&#8221;default&#8221; background_color=&#8221;RGBA(255,255,255,0)&#8221; da_disable_devices=&#8221;off|off|off&#8221; locked=&#8221;off&#8221; global_colors_info=&#8221;{}&#8221; da_is_popup=&#8221;off&#8221; da_exit_intent=&#8221;off&#8221; da_has_close=&#8221;on&#8221; da_alt_close=&#8221;off&#8221; da_dark_close=&#8221;off&#8221; da_not_modal=&#8221;on&#8221; da_is_singular=&#8221;off&#8221; da_with_loader=&#8221;off&#8221; da_has_shadow=&#8221;on&#8221;][et_pb_fullwidth_slider show_arrows=&#8221;off&#8221; show_pagination=&#8221;off&#8221; use_bg_overlay=&#8221;off&#8221; _builder_version=&#8221;4.27.4&#8243; _module_preset=&#8221;default&#8221; background_color=&#8221;RGBA(255,255,255,0)&#8221; custom_margin=&#8221;-6px|||||&#8221; custom_padding=&#8221;||375px|||&#8221; auto=&#8221;on&#8221; auto_ignore_hover=&#8221;on&#8221; global_colors_info=&#8221;{}&#8221;][et_pb_slide _builder_version=&#8221;4.27.4&#8243; _module_preset=&#8221;default&#8221; background_color=&#8221;RGBA(255,255,255,0)&#8221; background_enable_color=&#8221;on&#8221; use_background_color_gradient=&#8221;on&#8221; background_color_gradient_stops=&#8221;rgba(255,255,255,0) 66%|#003456 100%&#8221; background_image=&#8221;https:\/\/bomretiro.be\/wp-content\/uploads\/2025\/01\/Algarve-beach-plage.jpg&#8221; background_enable_image=&#8221;on&#8221; background_blend=&#8221;darken&#8221; global_colors_info=&#8221;{}&#8221; sticky_transition=&#8221;on&#8221;][\/et_pb_slide][et_pb_slide _builder_version=&#8221;4.27.4&#8243; _module_preset=&#8221;default&#8221; background_color=&#8221;RGBA(255,255,255,0)&#8221; background_enable_color=&#8221;on&#8221; use_background_color_gradient=&#8221;on&#8221; background_color_gradient_stops=&#8221;rgba(255,255,255,0) 65%|#003456 100%&#8221; background_image=&#8221;https:\/\/bomretiro.be\/wp-content\/uploads\/2025\/01\/algarvegolfcourses.jpg&#8221; background_enable_image=&#8221;on&#8221; background_blend=&#8221;darken&#8221; global_colors_info=&#8221;{}&#8221; sticky_transition=&#8221;on&#8221;][\/et_pb_slide][et_pb_slide _builder_version=&#8221;4.27.4&#8243; _module_preset=&#8221;default&#8221; background_color=&#8221;RGBA(255,255,255,0)&#8221; background_enable_color=&#8221;on&#8221; use_background_color_gradient=&#8221;on&#8221; background_color_gradient_stops=&#8221;rgba(255,255,255,0) 66%|#003456 100%&#8221; background_image=&#8221;https:\/\/bomretiro.be\/wp-content\/uploads\/2025\/01\/wine-Algarve.jpg&#8221; background_enable_image=&#8221;on&#8221; background_blend=&#8221;darken&#8221; global_colors_info=&#8221;{}&#8221; sticky_transition=&#8221;on&#8221;][\/et_pb_slide][\/et_pb_fullwidth_slider][\/et_pb_section][et_pb_section fb_built=&#8221;1&#8243; _builder_version=&#8221;4.27.4&#8243; _module_preset=&#8221;default&#8221; background_color=&#8221;#003456&#8243; background_enable_image=&#8221;off&#8221; background_blend=&#8221;multiply&#8221; custom_margin=&#8221;||||false|false&#8221; custom_padding=&#8221;||68px|||&#8221; da_disable_devices=&#8221;off|off|off&#8221; global_colors_info=&#8221;{}&#8221; da_is_popup=&#8221;off&#8221; da_exit_intent=&#8221;off&#8221; da_has_close=&#8221;on&#8221; da_alt_close=&#8221;off&#8221; da_dark_close=&#8221;off&#8221; da_not_modal=&#8221;on&#8221; da_is_singular=&#8221;off&#8221; da_with_loader=&#8221;off&#8221; da_has_shadow=&#8221;on&#8221;][et_pb_row _builder_version=&#8221;4.27.4&#8243; _module_preset=&#8221;default&#8221; locked=&#8221;off&#8221; global_colors_info=&#8221;{}&#8221;][et_pb_column type=&#8221;4_4&#8243; _builder_version=&#8221;4.22.0&#8243; _module_preset=&#8221;default&#8221; global_colors_info=&#8221;{}&#8221;][et_pb_text _builder_version=&#8221;4.27.4&#8243; _module_preset=&#8221;_initial&#8221; header_font=&#8221;&#8211;et_global_heading_font|300|||||||&#8221; header_text_color=&#8221;#FFFFFF&#8221; header_font_size=&#8221;72px&#8221; header_letter_spacing=&#8221;1px&#8221; header_line_height=&#8221;1.2em&#8221; custom_margin=&#8221;||-1px|||&#8221; header_font_size_tablet=&#8221;62px&#8221; header_font_size_phone=&#8221;36px&#8221; header_font_size_last_edited=&#8221;on|desktop&#8221; header_text_shadow_style=&#8221;preset3&#8243; global_colors_info=&#8221;{}&#8221;]<\/p>\n<h1 style=\"text-align: left;\">TEM DE VER<\/h1>\n<p>[\/et_pb_text][et_pb_text _builder_version=&#8221;4.27.4&#8243; _module_preset=&#8221;default&#8221; text_font=&#8221;Montserrat||||||||&#8221; text_text_color=&#8221;#FFFFFF&#8221; global_colors_info=&#8221;{}&#8221;]<\/p>\n<p>Descubra a regi\u00e3o e as actividades pr\u00f3ximas.<\/p>\n<p>[\/et_pb_text][\/et_pb_column][\/et_pb_row][et_pb_row use_custom_gutter=&#8221;on&#8221; gutter_width=&#8221;2&#8243; make_equal=&#8221;on&#8221; _builder_version=&#8221;4.27.4&#8243; _module_preset=&#8221;default&#8221; custom_padding=&#8221;||5px|||&#8221; global_colors_info=&#8221;{}&#8221;][et_pb_column type=&#8221;4_4&#8243; _builder_version=&#8221;4.27.4&#8243; _module_preset=&#8221;default&#8221; background_color=&#8221;rgba(117,144,186,0.34)&#8221; global_colors_info=&#8221;{}&#8221;][et_pb_text _builder_version=&#8221;4.27.4&#8243; _module_preset=&#8221;default&#8221; text_font=&#8221;Montserrat|300|on||||||&#8221; text_text_color=&#8221;#FFFFFF&#8221; text_font_size=&#8221;19px&#8221; text_letter_spacing=&#8221;1px&#8221; header_2_font=&#8221;||on||||||&#8221; header_2_font_size=&#8221;34px&#8221; header_2_letter_spacing=&#8221;1px&#8221; custom_padding=&#8221;22px|20px|26px|20px|false|true&#8221; global_colors_info=&#8221;{}&#8221;]<\/p>\n<h2 style=\"font-weight: 800; margin-bottom: 10px; text-align: left;\"><span>Algarve<\/span><\/h2>\n<p style=\"text-align: justify;\">O Algarve estende-se por todo o sul de Portugal. O seu nome deriva do \u00e1rabe El-Gharb que significa \u201coeste\u201d. Apesar de o Algarve ter sido ocupado pelos mouros durante 600 anos, para al\u00e9m de algumas muralhas de cidades e castelos em Silves e Tavira, quase n\u00e3o existem vest\u00edgios. No entanto, todas as casas no Algarve ainda est\u00e3o a ser constru\u00eddas com as t\u00edpicas chamin\u00e9s \u00e1rabes. Os romanos, no entanto, deixaram v\u00e1rias pontes e ru\u00ednas.<br \/>Traduzido com a vers\u00e3o gratuita do tradutor &#8211; DeepL.com<\/p>\n<p style=\"text-align: justify;\">O Barlavento \u00e9 o tro\u00e7o de costa mais famoso do Algarve. As fal\u00e9sias de cor ocre descem at\u00e9 \u00e0 praia e o mar azul-turquesa surge em enseadas e grutas.<\/p>\n<p>[\/et_pb_text][\/et_pb_column][\/et_pb_row][et_pb_row _builder_version=&#8221;4.27.4&#8243; _module_preset=&#8221;default&#8221; global_colors_info=&#8221;{}&#8221;][et_pb_column type=&#8221;4_4&#8243; _builder_version=&#8221;4.27.4&#8243; _module_preset=&#8221;default&#8221; global_colors_info=&#8221;{}&#8221;][et_pb_video src=&#8221;https:\/\/bomretiro.be\/wp-content\/uploads\/2025\/03\/Algarve-official-03.mp4&#8243; _builder_version=&#8221;4.27.4&#8243; _module_preset=&#8221;default&#8221; hover_enabled=&#8221;0&#8243; global_colors_info=&#8221;{}&#8221; title_text=&#8221;Algarve official 03&#8243; sticky_enabled=&#8221;0&#8243;][\/et_pb_video][\/et_pb_column][\/et_pb_row][et_pb_row _builder_version=&#8221;4.27.4&#8243; _module_preset=&#8221;default&#8221; global_colors_info=&#8221;{}&#8221;][et_pb_column type=&#8221;4_4&#8243; _builder_version=&#8221;4.27.4&#8243; _module_preset=&#8221;default&#8221; global_colors_info=&#8221;{}&#8221;][et_pb_image src=&#8221;https:\/\/bomretiro.be\/wp-content\/uploads\/2025\/01\/adventure.png&#8221; title_text=&#8221;aventura&#8221; align=&#8221;center&#8221; _builder_version=&#8221;4.27.4&#8243; _module_preset=&#8221;default&#8221; max_width=&#8221;13%&#8221; max_width_tablet=&#8221;22%&#8221; max_width_phone=&#8221;41%&#8221; max_width_last_edited=&#8221;on|phone&#8221; global_colors_info=&#8221;{}&#8221;][\/et_pb_image][\/et_pb_column][\/et_pb_row][et_pb_row column_structure=&#8221;1_2,1_2&#8243; use_custom_gutter=&#8221;on&#8221; gutter_width=&#8221;2&#8243; make_equal=&#8221;on&#8221; _builder_version=&#8221;4.27.4&#8243; _module_preset=&#8221;default&#8221; custom_padding=&#8221;||5px|||&#8221; global_colors_info=&#8221;{}&#8221;][et_pb_column type=&#8221;1_2&#8243; _builder_version=&#8221;4.27.4&#8243; _module_preset=&#8221;default&#8221; background_color=&#8221;rgba(117,144,186,0.34)&#8221; global_colors_info=&#8221;{}&#8221;][et_pb_text _builder_version=&#8221;4.27.4&#8243; _module_preset=&#8221;default&#8221; text_font=&#8221;Montserrat|300|||||||&#8221; text_text_color=&#8221;#FFFFFF&#8221; text_font_size=&#8221;19px&#8221; text_letter_spacing=&#8221;1px&#8221; header_2_font_size=&#8221;34px&#8221; header_2_letter_spacing=&#8221;1px&#8221; custom_padding=&#8221;22px|20px|26px|20px|false|true&#8221; global_colors_info=&#8221;{}&#8221;]<\/p>\n<h2 style=\"font-weight: 800; margin-bottom: 10px; text-align: left;\"><span>PORTIM\u00c3O<\/span><\/h2>\n<ul>\n<li style=\"text-align: justify;\">Aqui pode passear ao longo da Ribeirinha que acompanha as antigas docas.<\/li>\n<li style=\"text-align: justify;\">O museu de Portim\u00e3o celebra o patrim\u00f3nio piscat\u00f3rio da regi\u00e3o e merece certamente uma visita.<\/li>\n<li style=\"text-align: justify;\">Aprecie as belas pinturas de azulejos no Jardim 1\u00b0 dezembro que retratam a hist\u00f3ria de Portugal.<\/li>\n<\/ul>\n<p>[\/et_pb_text][\/et_pb_column][et_pb_column type=&#8221;1_2&#8243; _builder_version=&#8221;4.27.4&#8243; _module_preset=&#8221;default&#8221; background_color=&#8221;rgba(117,144,186,0.34)&#8221; global_colors_info=&#8221;{}&#8221;][et_pb_text _builder_version=&#8221;4.27.4&#8243; _module_preset=&#8221;default&#8221; text_font=&#8221;Montserrat|300|||||||&#8221; text_text_color=&#8221;#FFFFFF&#8221; text_font_size=&#8221;19px&#8221; text_letter_spacing=&#8221;1px&#8221; header_2_font_size=&#8221;34px&#8221; header_2_letter_spacing=&#8221;1px&#8221; custom_padding=&#8221;22px|20px|26px|20px|false|true&#8221; global_colors_info=&#8221;{}&#8221;]<\/p>\n<h2 style=\"font-weight: 800; margin-bottom: 10px; text-align: left;\"><span>SILVES<\/span><\/h2>\n<ul>\n<li style=\"text-align: justify;\">No tempo dos mouros, Silves era a capital do Algarve.<\/li>\n<li style=\"text-align: justify;\">Aqui pode visitar o castelo que data desta \u00e9poca e que oferece uma vista magn\u00edfica sobre a paisagem circundante.<\/li>\n<li style=\"text-align: justify;\">Pode tamb\u00e9m visitar a impressionante catedral g\u00f3tica.<\/li>\n<\/ul>\n<p>[\/et_pb_text][\/et_pb_column][\/et_pb_row][et_pb_row column_structure=&#8221;1_2,1_2&#8243; use_custom_gutter=&#8221;on&#8221; gutter_width=&#8221;2&#8243; make_equal=&#8221;on&#8221; _builder_version=&#8221;4.27.4&#8243; _module_preset=&#8221;default&#8221; custom_padding=&#8221;||5px|||&#8221; global_colors_info=&#8221;{}&#8221;][et_pb_column type=&#8221;1_2&#8243; _builder_version=&#8221;4.27.4&#8243; _module_preset=&#8221;default&#8221; background_color=&#8221;rgba(117,144,186,0.34)&#8221; global_colors_info=&#8221;{}&#8221;][et_pb_text _builder_version=&#8221;4.27.4&#8243; _module_preset=&#8221;default&#8221; text_font=&#8221;Montserrat|300|||||||&#8221; text_text_color=&#8221;#FFFFFF&#8221; text_font_size=&#8221;19px&#8221; text_letter_spacing=&#8221;1px&#8221; header_2_font_size=&#8221;34px&#8221; header_2_letter_spacing=&#8221;1px&#8221; custom_padding=&#8221;22px|20px|0px|20px|false|true&#8221; global_colors_info=&#8221;{}&#8221;]<\/p>\n<h2 style=\"font-weight: 800; margin-bottom: 10px; text-align: left;\"><span>LAGOS<br \/><\/span><\/h2>\n<ul>\n<li style=\"text-align: justify;\">Um lugar cheio de cultura e hist\u00f3ria, mas tamb\u00e9m com \u00e1reas de tirar o f\u00f4lego, \u00e9 o local ideal para dar um passeio.<\/li>\n<\/ul>\n<p>[\/et_pb_text][\/et_pb_column][et_pb_column type=&#8221;1_2&#8243; _builder_version=&#8221;4.27.4&#8243; _module_preset=&#8221;default&#8221; background_color=&#8221;rgba(117,144,186,0.34)&#8221; global_colors_info=&#8221;{}&#8221;][et_pb_text _builder_version=&#8221;4.27.4&#8243; _module_preset=&#8221;default&#8221; text_font=&#8221;Montserrat|300|||||||&#8221; text_text_color=&#8221;#FFFFFF&#8221; text_font_size=&#8221;19px&#8221; text_letter_spacing=&#8221;1px&#8221; header_2_font_size=&#8221;34px&#8221; header_2_letter_spacing=&#8221;1px&#8221; custom_padding=&#8221;22px|20px|0px|20px|false|true&#8221; global_colors_info=&#8221;{}&#8221;]<\/p>\n<h2 style=\"font-weight: 800; margin-bottom: 10px; text-align: left;\"><span>MONCHIQUE<br \/><\/span><\/h2>\n<ul>\n<li style=\"text-align: justify;\">Aqui pode desfrutar de colinas verdes com vegeta\u00e7\u00e3o rica e das vistas espectaculares do ponto mais alto &#8211; Foia (902m).<\/li>\n<li style=\"text-align: justify;\">N\u00e3o se esque\u00e7a de visitar as Caldas de Monchique e desfrutar das \u00c1guas Termais.<\/li>\n<\/ul>\n<p>[\/et_pb_text][\/et_pb_column][\/et_pb_row][et_pb_row use_custom_gutter=&#8221;on&#8221; gutter_width=&#8221;2&#8243; make_equal=&#8221;on&#8221; _builder_version=&#8221;4.27.4&#8243; _module_preset=&#8221;default&#8221; custom_padding=&#8221;||5px|||&#8221; global_colors_info=&#8221;{}&#8221;][et_pb_column type=&#8221;4_4&#8243; _builder_version=&#8221;4.27.4&#8243; _module_preset=&#8221;default&#8221; background_color=&#8221;rgba(117,144,186,0.34)&#8221; global_colors_info=&#8221;{}&#8221;][et_pb_text _builder_version=&#8221;4.27.4&#8243; _module_preset=&#8221;default&#8221; text_font=&#8221;Montserrat|300|||||||&#8221; text_text_color=&#8221;#FFFFFF&#8221; text_font_size=&#8221;19px&#8221; text_letter_spacing=&#8221;1px&#8221; header_2_font_size=&#8221;34px&#8221; header_2_letter_spacing=&#8221;1px&#8221; custom_padding=&#8221;22px|20px|0px|20px|false|true&#8221; global_colors_info=&#8221;{}&#8221;]<\/p>\n<h2 style=\"font-weight: 800; margin-bottom: 10px; text-align: left;\"><span>SAGRES<br \/><\/span><\/h2>\n<ul>\n<li style=\"text-align: justify;\">Conhecida sobretudo pelo seu impressionante forte, onde se situa a famosa Escola de Navega\u00e7\u00e3o do Infante D. Henrique.<\/li>\n<li style=\"text-align: justify;\">No Cabo de S\u00e3o Vicente, o ponto mais a sudoeste da Europa, pode visitar o pequeno farol e tamb\u00e9m as fal\u00e9sias deslumbrantes.<\/li>\n<\/ul>\n<p>[\/et_pb_text][\/et_pb_column][\/et_pb_row][et_pb_row _builder_version=&#8221;4.27.4&#8243; _module_preset=&#8221;default&#8221; custom_padding=&#8221;27px||10px|||&#8221; global_colors_info=&#8221;{}&#8221;][et_pb_column type=&#8221;4_4&#8243; _builder_version=&#8221;4.27.4&#8243; _module_preset=&#8221;default&#8221; global_colors_info=&#8221;{}&#8221;][et_pb_image src=&#8221;https:\/\/bomretiro.be\/wp-content\/uploads\/2025\/01\/golf.png&#8221; title_text=&#8221;golfe&#8221; align=&#8221;center&#8221; _builder_version=&#8221;4.27.4&#8243; _module_preset=&#8221;default&#8221; max_width=&#8221;13%&#8221; max_width_tablet=&#8221;22%&#8221; max_width_phone=&#8221;41%&#8221; max_width_last_edited=&#8221;on|phone&#8221; custom_margin=&#8221;11px|||||&#8221; global_colors_info=&#8221;{}&#8221;][\/et_pb_image][\/et_pb_column][\/et_pb_row][et_pb_row use_custom_gutter=&#8221;on&#8221; gutter_width=&#8221;2&#8243; make_equal=&#8221;on&#8221; _builder_version=&#8221;4.27.4&#8243; _module_preset=&#8221;default&#8221; custom_padding=&#8221;||5px|||&#8221; global_colors_info=&#8221;{}&#8221;][et_pb_column type=&#8221;4_4&#8243; _builder_version=&#8221;4.27.4&#8243; _module_preset=&#8221;default&#8221; background_color=&#8221;rgba(117,144,186,0.34)&#8221; global_colors_info=&#8221;{}&#8221;][et_pb_text _builder_version=&#8221;4.27.4&#8243; _module_preset=&#8221;default&#8221; text_font=&#8221;Montserrat|300|||||||&#8221; text_text_color=&#8221;#FFFFFF&#8221; text_font_size=&#8221;19px&#8221; text_letter_spacing=&#8221;1px&#8221; header_2_font_size=&#8221;34px&#8221; header_2_letter_spacing=&#8221;1px&#8221; custom_padding=&#8221;22px|20px|21px|20px|false|true&#8221; global_colors_info=&#8221;{}&#8221;]<\/p>\n<h2 style=\"font-weight: 800; margin-bottom: 10px; text-align: left;\"><span>JOGAR GOLFE NO ALGARVE<\/span><\/h2>\n<p style=\"text-align: justify;\">\u00c9 dif\u00edcil imaginar que at\u00e9 1966, quando Henry Cotton construiu o campo de golfe da Penina, o golfe como desporto era praticamente inexistente no Algarve. Quase um s\u00e9culo depois, a regi\u00e3o tornou-se num dos principais destinos de f\u00e9rias da Europa, atraindo centenas de milhares de golfistas aos seus fairways durante todo o ano.<\/p>\n<p style=\"text-align: justify;\">Um total incr\u00edvel de quarenta e dois campos de 9 ou 18 buracos pode ser jogado em trinta e cinco clubes de golfe diferentes na zona do Algarve da Federa\u00e7\u00e3o Portuguesa de Golfe, e mais de metade dos campos ao longo desta costa de 160 quil\u00f3metros virada a sul figuram no nosso ranking portugu\u00eas dos melhores campos do pa\u00eds.<\/p>\n<p>Encontre o curso certo para si:<br \/><a href=\"https:\/\/algarvegolf.net\/\">https:\/\/algarvegolf.net\/<\/a><\/p>\n<p>[\/et_pb_text][\/et_pb_column][\/et_pb_row][et_pb_row _builder_version=&#8221;4.27.4&#8243; _module_preset=&#8221;default&#8221; custom_padding=&#8221;27px||10px|||&#8221; global_colors_info=&#8221;{}&#8221;][et_pb_column type=&#8221;4_4&#8243; _builder_version=&#8221;4.27.4&#8243; _module_preset=&#8221;default&#8221; global_colors_info=&#8221;{}&#8221;][et_pb_image src=&#8221;https:\/\/bomretiro.be\/wp-content\/uploads\/2025\/01\/vineyard.png&#8221; title_text=&#8221;vinha&#8221; align=&#8221;center&#8221; _builder_version=&#8221;4.27.4&#8243; _module_preset=&#8221;default&#8221; max_width=&#8221;13%&#8221; max_width_tablet=&#8221;22%&#8221; max_width_phone=&#8221;41%&#8221; max_width_last_edited=&#8221;on|phone&#8221; custom_margin=&#8221;11px|||||&#8221; global_colors_info=&#8221;{}&#8221;][\/et_pb_image][\/et_pb_column][\/et_pb_row][et_pb_row use_custom_gutter=&#8221;on&#8221; gutter_width=&#8221;2&#8243; make_equal=&#8221;on&#8221; _builder_version=&#8221;4.27.4&#8243; _module_preset=&#8221;default&#8221; custom_padding=&#8221;||5px|||&#8221; global_colors_info=&#8221;{}&#8221;][et_pb_column type=&#8221;4_4&#8243; _builder_version=&#8221;4.27.4&#8243; _module_preset=&#8221;default&#8221; background_color=&#8221;rgba(117,144,186,0.34)&#8221; global_colors_info=&#8221;{}&#8221;][et_pb_text _builder_version=&#8221;4.27.4&#8243; _module_preset=&#8221;default&#8221; text_font=&#8221;Montserrat|300|||||||&#8221; text_text_color=&#8221;#FFFFFF&#8221; text_font_size=&#8221;19px&#8221; text_letter_spacing=&#8221;1px&#8221; header_2_font_size=&#8221;34px&#8221; header_2_letter_spacing=&#8221;1px&#8221; custom_padding=&#8221;22px|20px|21px|20px|false|true&#8221; global_colors_info=&#8221;{}&#8221;]<\/p>\n<h2 style=\"font-weight: 800; margin-bottom: 10px; text-align: left;\"><span>VINHEIRAS<\/span><\/h2>\n<p style=\"text-align: justify;\">Os produtores de vinho portugueses t\u00eam sido igualmente conservadores num aspeto &#8211; manter a fidelidade \u00e0s suas uvas. E n\u00e3o \u00e9 de admirar! As castas portuguesas s\u00e3o \u00fanicas, com sabores emocionantemente diferentes. No entanto, em termos de qualidade, n\u00e3o se tem descansado sobre os louros tradicionais. Um quarto de s\u00e9culo de investimento, educa\u00e7\u00e3o, abertura de esp\u00edrito e talento significou uma mudan\u00e7a explosiva. A escolha tamb\u00e9m se multiplicou. Para al\u00e9m das cooperativas e das grandes empresas, uma mir\u00edade de propriedades produz agora os seus pr\u00f3prios vinhos distintos.<\/p>\n<p style=\"text-align: justify;\">A terra (terreno) \u00e9 t\u00e3o diversa. De norte a sul, de este a oeste, de vinhas de montanha a vinhas mar\u00edtimas, quentes e secas ou frescas e verdes. Em todos os estilos, do gasoso ao Porto, dos brancos secos e crocantes aos tintos elegantes, em tantas formas diferentes, os vinhos portugueses s\u00e3o \u00fanicos.<\/p>\n<p><a href=\"https:\/\/algarvegolf.net\/\"><\/a><\/p>\n<ul>\n<li>Paxa Wines \u2013 <a href=\"https:\/\/paxawines.pt\/\">https:\/\/paxawines.pt\/<\/a><\/li>\n<li>Cabrita Wines \u2013 <a href=\"https:\/\/www.cabritawines.com\/\" target=\"_blank\" rel=\"noopener noreferrer\">https:\/\/www.cabritawines.com\/<\/a><\/li>\n<li>Quinta dos Sentidos \u2013 <a href=\"https:\/\/qds.pt\/index.php\/pt\/home-portugues\/\" target=\"_blank\" rel=\"noopener\">https:\/\/qds.pt\/index.php\/pt\/home-portugues\/<\/a><\/li>\n<\/ul>\n<p>[\/et_pb_text][\/et_pb_column][\/et_pb_row][\/et_pb_section]<\/p>\n","protected":false},"excerpt":{"rendered":"<p>TEM DE VERDescubra a regi\u00e3o e as actividades pr\u00f3ximas.Algarve O Algarve estende-se por todo o sul de Portugal. O seu nome deriva do \u00e1rabe El-Gharb que significa \u201coeste\u201d. Apesar de o Algarve ter sido ocupado pelos mouros durante 600 anos, para al\u00e9m de algumas muralhas de cidades e castelos em Silves e Tavira, quase n\u00e3o [&hellip;]<\/p>\n","protected":false},"author":1,"featured_media":0,"parent":0,"menu_order":0,"comment_status":"closed","ping_status":"closed","template":"","meta":{"_et_pb_use_builder":"on","_et_pb_old_content":"","_et_gb_content_width":"","_glsr_average":0,"_glsr_ranking":0,"_glsr_reviews":0,"footnotes":""},"class_list":["post-765","page","type-page","status-publish","hentry"],"yoast_head":"<!-- This site is optimized with the Yoast SEO plugin v27.3 - https:\/\/yoast.com\/product\/yoast-seo-wordpress\/ -->\n<title>TEM DE VER - bomretiro<\/title>\n<meta name=\"robots\" content=\"index, follow, max-snippet:-1, max-image-preview:large, max-video-preview:-1\" \/>\n<link rel=\"canonical\" href=\"https:\/\/bomretiro.be\/must-see\/\" \/>\n<meta property=\"og:locale\" content=\"pt_PT\" \/>\n<meta property=\"og:type\" content=\"article\" \/>\n<meta property=\"og:title\" content=\"TEM DE VER - bomretiro\" \/>\n<meta property=\"og:description\" content=\"TEM DE VERDescubra a regi\u00e3o e as actividades pr\u00f3ximas.Algarve O Algarve estende-se por todo o sul de Portugal. O seu nome deriva do \u00e1rabe El-Gharb que significa \u201coeste\u201d. Apesar de o Algarve ter sido ocupado pelos mouros durante 600 anos, para al\u00e9m de algumas muralhas de cidades e castelos em Silves e Tavira, quase n\u00e3o [&hellip;]\" \/>\n<meta property=\"og:url\" content=\"https:\/\/bomretiro.be\/must-see\/\" \/>\n<meta property=\"og:site_name\" content=\"bomretiro\" \/>\n<meta property=\"article:modified_time\" content=\"2025-03-06T08:26:19+00:00\" \/>\n<meta name=\"twitter:card\" content=\"summary_large_image\" \/>\n<meta name=\"twitter:label1\" content=\"Tempo estimado de leitura\" \/>\n\t<meta name=\"twitter:data1\" content=\"10 minutos\" \/>\n<script type=\"application\/ld+json\" class=\"yoast-schema-graph\">{\"@context\":\"https:\\\/\\\/schema.org\",\"@graph\":[{\"@type\":\"WebPage\",\"@id\":\"https:\\\/\\\/bomretiro.be\\\/must-see\\\/\",\"url\":\"https:\\\/\\\/bomretiro.be\\\/must-see\\\/\",\"name\":\"TEM DE VER - bomretiro\",\"isPartOf\":{\"@id\":\"https:\\\/\\\/bomretiro.be\\\/#website\"},\"datePublished\":\"2025-01-16T07:34:45+00:00\",\"dateModified\":\"2025-03-06T08:26:19+00:00\",\"breadcrumb\":{\"@id\":\"https:\\\/\\\/bomretiro.be\\\/must-see\\\/#breadcrumb\"},\"inLanguage\":\"pt-PT\",\"potentialAction\":[{\"@type\":\"ReadAction\",\"target\":[\"https:\\\/\\\/bomretiro.be\\\/must-see\\\/\"]}]},{\"@type\":\"BreadcrumbList\",\"@id\":\"https:\\\/\\\/bomretiro.be\\\/must-see\\\/#breadcrumb\",\"itemListElement\":[{\"@type\":\"ListItem\",\"position\":1,\"name\":\"Home\",\"item\":\"https:\\\/\\\/bomretiro.be\\\/pt-pt\\\/\"},{\"@type\":\"ListItem\",\"position\":2,\"name\":\"TEM DE VER\"}]},{\"@type\":\"WebSite\",\"@id\":\"https:\\\/\\\/bomretiro.be\\\/#website\",\"url\":\"https:\\\/\\\/bomretiro.be\\\/\",\"name\":\"bomretiro\",\"description\":\"\",\"potentialAction\":[{\"@type\":\"SearchAction\",\"target\":{\"@type\":\"EntryPoint\",\"urlTemplate\":\"https:\\\/\\\/bomretiro.be\\\/?s={search_term_string}\"},\"query-input\":{\"@type\":\"PropertyValueSpecification\",\"valueRequired\":true,\"valueName\":\"search_term_string\"}}],\"inLanguage\":\"pt-PT\"}]}<\/script>\n<!-- \/ Yoast SEO plugin. -->","yoast_head_json":{"title":"TEM DE VER - bomretiro","robots":{"index":"index","follow":"follow","max-snippet":"max-snippet:-1","max-image-preview":"max-image-preview:large","max-video-preview":"max-video-preview:-1"},"canonical":"https:\/\/bomretiro.be\/must-see\/","og_locale":"pt_PT","og_type":"article","og_title":"TEM DE VER - bomretiro","og_description":"TEM DE VERDescubra a regi\u00e3o e as actividades pr\u00f3ximas.Algarve O Algarve estende-se por todo o sul de Portugal. O seu nome deriva do \u00e1rabe El-Gharb que significa \u201coeste\u201d. Apesar de o Algarve ter sido ocupado pelos mouros durante 600 anos, para al\u00e9m de algumas muralhas de cidades e castelos em Silves e Tavira, quase n\u00e3o [&hellip;]","og_url":"https:\/\/bomretiro.be\/must-see\/","og_site_name":"bomretiro","article_modified_time":"2025-03-06T08:26:19+00:00","twitter_card":"summary_large_image","twitter_misc":{"Tempo estimado de leitura":"10 minutos"},"schema":{"@context":"https:\/\/schema.org","@graph":[{"@type":"WebPage","@id":"https:\/\/bomretiro.be\/must-see\/","url":"https:\/\/bomretiro.be\/must-see\/","name":"TEM DE VER - bomretiro","isPartOf":{"@id":"https:\/\/bomretiro.be\/#website"},"datePublished":"2025-01-16T07:34:45+00:00","dateModified":"2025-03-06T08:26:19+00:00","breadcrumb":{"@id":"https:\/\/bomretiro.be\/must-see\/#breadcrumb"},"inLanguage":"pt-PT","potentialAction":[{"@type":"ReadAction","target":["https:\/\/bomretiro.be\/must-see\/"]}]},{"@type":"BreadcrumbList","@id":"https:\/\/bomretiro.be\/must-see\/#breadcrumb","itemListElement":[{"@type":"ListItem","position":1,"name":"Home","item":"https:\/\/bomretiro.be\/pt-pt\/"},{"@type":"ListItem","position":2,"name":"TEM DE VER"}]},{"@type":"WebSite","@id":"https:\/\/bomretiro.be\/#website","url":"https:\/\/bomretiro.be\/","name":"bomretiro","description":"","potentialAction":[{"@type":"SearchAction","target":{"@type":"EntryPoint","urlTemplate":"https:\/\/bomretiro.be\/?s={search_term_string}"},"query-input":{"@type":"PropertyValueSpecification","valueRequired":true,"valueName":"search_term_string"}}],"inLanguage":"pt-PT"}]}},"_links":{"self":[{"href":"https:\/\/bomretiro.be\/pt-pt\/wp-json\/wp\/v2\/pages\/765","targetHints":{"allow":["GET"]}}],"collection":[{"href":"https:\/\/bomretiro.be\/pt-pt\/wp-json\/wp\/v2\/pages"}],"about":[{"href":"https:\/\/bomretiro.be\/pt-pt\/wp-json\/wp\/v2\/types\/page"}],"author":[{"embeddable":true,"href":"https:\/\/bomretiro.be\/pt-pt\/wp-json\/wp\/v2\/users\/1"}],"replies":[{"embeddable":true,"href":"https:\/\/bomretiro.be\/pt-pt\/wp-json\/wp\/v2\/comments?post=765"}],"version-history":[{"count":5,"href":"https:\/\/bomretiro.be\/pt-pt\/wp-json\/wp\/v2\/pages\/765\/revisions"}],"predecessor-version":[{"id":1107,"href":"https:\/\/bomretiro.be\/pt-pt\/wp-json\/wp\/v2\/pages\/765\/revisions\/1107"}],"wp:attachment":[{"href":"https:\/\/bomretiro.be\/pt-pt\/wp-json\/wp\/v2\/media?parent=765"}],"curies":[{"name":"wp","href":"https:\/\/api.w.org\/{rel}","templated":true}]}}