{"id":749,"date":"2025-01-16T08:59:21","date_gmt":"2025-01-16T08:59:21","guid":{"rendered":"https:\/\/bomretiro.be\/taxas\/"},"modified":"2025-04-21T06:59:45","modified_gmt":"2025-04-21T06:59:45","slug":"taxas-reservas","status":"publish","type":"page","link":"https:\/\/bomretiro.be\/pt-pt\/taxas-reservas\/","title":{"rendered":"TAXAS &#038; RESERVAS"},"content":{"rendered":"<p>[et_pb_section fb_built=&#8221;1&#8243; fullwidth=&#8221;on&#8221; disabled_on=&#8221;off|off|off&#8221; _builder_version=&#8221;4.27.4&#8243; _module_preset=&#8221;default&#8221; background_color=&#8221;RGBA(255,255,255,0)&#8221; da_disable_devices=&#8221;off|off|off&#8221; locked=&#8221;off&#8221; global_colors_info=&#8221;{}&#8221; da_is_popup=&#8221;off&#8221; da_exit_intent=&#8221;off&#8221; da_has_close=&#8221;on&#8221; da_alt_close=&#8221;off&#8221; da_dark_close=&#8221;off&#8221; da_not_modal=&#8221;on&#8221; da_is_singular=&#8221;off&#8221; da_with_loader=&#8221;off&#8221; da_has_shadow=&#8221;on&#8221;][et_pb_fullwidth_slider show_arrows=&#8221;off&#8221; show_pagination=&#8221;off&#8221; use_bg_overlay=&#8221;off&#8221; _builder_version=&#8221;4.27.4&#8243; _module_preset=&#8221;default&#8221; background_color=&#8221;RGBA(255,255,255,0)&#8221; custom_margin=&#8221;-6px|||||&#8221; custom_padding=&#8221;||375px|||&#8221; auto=&#8221;on&#8221; auto_ignore_hover=&#8221;on&#8221; global_colors_info=&#8221;{}&#8221;][et_pb_slide _builder_version=&#8221;4.27.4&#8243; _module_preset=&#8221;default&#8221; background_color=&#8221;RGBA(255,255,255,0)&#8221; background_enable_color=&#8221;on&#8221; use_background_color_gradient=&#8221;on&#8221; background_color_gradient_stops=&#8221;rgba(255,255,255,0) 66%|#003456 100%&#8221; background_image=&#8221;https:\/\/bomretiro.be\/wp-content\/uploads\/2025\/01\/0-Bom-Retiro-galeria-01.jpg&#8221; background_enable_image=&#8221;on&#8221; background_blend=&#8221;darken&#8221; global_colors_info=&#8221;{}&#8221; sticky_transition=&#8221;on&#8221;][\/et_pb_slide][et_pb_slide _builder_version=&#8221;4.27.4&#8243; _module_preset=&#8221;default&#8221; background_color=&#8221;RGBA(255,255,255,0)&#8221; background_enable_color=&#8221;on&#8221; use_background_color_gradient=&#8221;on&#8221; background_color_gradient_stops=&#8221;rgba(255,255,255,0) 65%|#003456 100%&#8221; background_image=&#8221;https:\/\/bomretiro.be\/wp-content\/uploads\/2025\/01\/0-Bom-Retiro-rates-slide-01.jpg&#8221; background_enable_image=&#8221;on&#8221; background_blend=&#8221;darken&#8221; global_colors_info=&#8221;{}&#8221; sticky_transition=&#8221;on&#8221;][\/et_pb_slide][et_pb_slide _builder_version=&#8221;4.27.4&#8243; _module_preset=&#8221;default&#8221; background_color=&#8221;RGBA(255,255,255,0)&#8221; background_enable_color=&#8221;on&#8221; use_background_color_gradient=&#8221;on&#8221; background_color_gradient_stops=&#8221;rgba(255,255,255,0) 66%|#003456 100%&#8221; background_image=&#8221;https:\/\/bomretiro.be\/wp-content\/uploads\/2025\/01\/0-Bom-Retiro-galeria-03.jpg&#8221; background_enable_image=&#8221;on&#8221; background_blend=&#8221;darken&#8221; global_colors_info=&#8221;{}&#8221; sticky_transition=&#8221;on&#8221;][\/et_pb_slide][et_pb_slide _builder_version=&#8221;4.27.4&#8243; _module_preset=&#8221;default&#8221; background_color=&#8221;RGBA(255,255,255,0)&#8221; background_enable_color=&#8221;on&#8221; use_background_color_gradient=&#8221;on&#8221; background_color_gradient_stops=&#8221;rgba(255,255,255,0) 66%|#003456 100%&#8221; background_image=&#8221;https:\/\/bomretiro.be\/wp-content\/uploads\/2025\/01\/MG_8511.jpg&#8221; background_enable_image=&#8221;on&#8221; background_position=&#8221;bottom_center&#8221; background_blend=&#8221;darken&#8221; global_colors_info=&#8221;{}&#8221; sticky_transition=&#8221;on&#8221;][\/et_pb_slide][et_pb_slide _builder_version=&#8221;4.27.4&#8243; _module_preset=&#8221;default&#8221; background_color=&#8221;RGBA(255,255,255,0)&#8221; background_enable_color=&#8221;on&#8221; use_background_color_gradient=&#8221;on&#8221; background_color_gradient_stops=&#8221;rgba(255,255,255,0) 66%|#003456 100%&#8221; background_image=&#8221;https:\/\/bomretiro.be\/wp-content\/uploads\/2025\/01\/bom-retiro-yoga-02.jpg&#8221; background_enable_image=&#8221;on&#8221; background_position=&#8221;bottom_center&#8221; background_blend=&#8221;darken&#8221; global_colors_info=&#8221;{}&#8221; sticky_transition=&#8221;on&#8221;][\/et_pb_slide][\/et_pb_fullwidth_slider][\/et_pb_section][et_pb_section fb_built=&#8221;1&#8243; _builder_version=&#8221;4.27.4&#8243; _module_preset=&#8221;default&#8221; background_color=&#8221;#003456&#8243; background_enable_image=&#8221;off&#8221; background_blend=&#8221;multiply&#8221; custom_margin=&#8221;||||false|false&#8221; custom_padding=&#8221;||68px|||&#8221; da_disable_devices=&#8221;off|off|off&#8221; global_colors_info=&#8221;{}&#8221; da_is_popup=&#8221;off&#8221; da_exit_intent=&#8221;off&#8221; da_has_close=&#8221;on&#8221; da_alt_close=&#8221;off&#8221; da_dark_close=&#8221;off&#8221; da_not_modal=&#8221;on&#8221; da_is_singular=&#8221;off&#8221; da_with_loader=&#8221;off&#8221; da_has_shadow=&#8221;on&#8221;][et_pb_row _builder_version=&#8221;4.27.4&#8243; _module_preset=&#8221;default&#8221; locked=&#8221;off&#8221; global_colors_info=&#8221;{}&#8221;][et_pb_column type=&#8221;4_4&#8243; _builder_version=&#8221;4.22.0&#8243; _module_preset=&#8221;default&#8221; global_colors_info=&#8221;{}&#8221;][et_pb_text _builder_version=&#8221;4.27.4&#8243; _module_preset=&#8221;_initial&#8221; header_font=&#8221;&#8211;et_global_heading_font|300|||||||&#8221; header_text_color=&#8221;#FFFFFF&#8221; header_font_size=&#8221;72px&#8221; header_letter_spacing=&#8221;1px&#8221; header_line_height=&#8221;1.2em&#8221; custom_margin=&#8221;||-1px|||&#8221; header_font_size_tablet=&#8221;62px&#8221; header_font_size_phone=&#8221;36px&#8221; header_font_size_last_edited=&#8221;on|desktop&#8221; header_text_shadow_style=&#8221;preset3&#8243; global_colors_info=&#8221;{}&#8221;]<\/p>\n<h1 style=\"text-align: left;\">TAXAS<\/h1>\n<p>[\/et_pb_text][et_pb_text _builder_version=&#8221;4.27.4&#8243; _module_preset=&#8221;default&#8221; text_font=&#8221;Montserrat||||||||&#8221; text_text_color=&#8221;#FFFFFF&#8221; global_colors_info=&#8221;{}&#8221;]<\/p>\n<p>Uma vivenda de luxo que responde a todas as suas necessidades.<\/p>\n<p><strong>Este tarifer inclui o aluguer de toda a resid\u00eancia:<\/strong><\/p>\n<p>8 Quartos, 8 Casas de banho com todas as comodidades e servi\u00e7os descritos em &#8220;<a href=\"https:\/\/bomretiro.be\/pt-pt\/alojamento\/\"><strong>Alojamento<\/strong><\/a>&#8221; e isto por 6 noites (sempre de Domingo a S\u00e1bado).<\/p>\n<p>[\/et_pb_text][et_pb_text _builder_version=&#8221;4.27.4&#8243; _module_preset=&#8221;default&#8221; text_font=&#8221;Montserrat||on||||||&#8221; text_text_color=&#8221;#FFFFFF&#8221; global_colors_info=&#8221;{}&#8221;]<\/p>\n<p>A resid\u00eancia \u00e9 sempre alugada em exclusividade.<\/p>\n<p>[\/et_pb_text][\/et_pb_column][\/et_pb_row][et_pb_row _builder_version=&#8221;4.27.4&#8243; _module_preset=&#8221;default&#8221; global_colors_info=&#8221;{}&#8221;][et_pb_column type=&#8221;4_4&#8243; _builder_version=&#8221;4.27.4&#8243; _module_preset=&#8221;default&#8221; global_colors_info=&#8221;{}&#8221;][et_pb_pricing_tables header_background_color=&#8221;rgba(117,144,186,0.34)&#8221; _builder_version=&#8221;4.27.4&#8243; _module_preset=&#8221;default&#8221; currency_frequency_text_color=&#8221;#FFFFFF&#8221; body_text_color=&#8221;#FFFFFF&#8221; header_font_size=&#8221;24px&#8221; header_letter_spacing=&#8221;1px&#8221; body_text_align=&#8221;center&#8221; price_font=&#8221;&#8211;et_global_body_font||||||||&#8221; background_color=&#8221;rgba(117,144,186,0.34)&#8221; text_orientation=&#8221;center&#8221; global_colors_info=&#8221;{}&#8221;][et_pb_pricing_table title=&#8221;PER\u00cdODO&#8221; sum=&#8221;2025&#8243; bullet_color=&#8221;RGBA(255,255,255,0)&#8221; _builder_version=&#8221;4.27.4&#8243; _module_preset=&#8221;default&#8221; price_text_color=&#8221;#FFFFFF&#8221; price_font_size=&#8221;22px&#8221; global_colors_info=&#8221;{}&#8221; sticky_transition=&#8221;on&#8221;]<\/p>\n<p>1\/01 &#8211; 05\/04<br \/>06\/04 &#8211; 28\/06<br \/>29\/06 &#8211; 30\/08<br \/>31\/08 &#8211; 01\/11<br \/>02\/11 &#8211; 20\/12<\/p>\n<p>[\/et_pb_pricing_table][et_pb_pricing_table title=&#8221;de DOMINGO a S\u00c1BADO&#8221; sum=&#8221;tarifas por 6 noites de aluguer&#8221; bullet_color=&#8221;RGBA(255,255,255,0)&#8221; _builder_version=&#8221;4.27.4&#8243; _module_preset=&#8221;default&#8221; price_text_color=&#8221;#FFFFFF&#8221; price_font_size=&#8221;22px&#8221; global_colors_info=&#8221;{}&#8221; sticky_transition=&#8221;on&#8221;]<\/p>\n<p>\u20ac 4.500<br \/>\u20ac 6.000<br \/>\u20ac 8.000<br \/>\u20ac 6.000<br \/>\u20ac 4.500<\/p>\n<p>[\/et_pb_pricing_table][\/et_pb_pricing_tables][\/et_pb_column][\/et_pb_row][et_pb_row _builder_version=&#8221;4.27.4&#8243; _module_preset=&#8221;default&#8221; custom_padding=&#8221;||9px|||&#8221; locked=&#8221;off&#8221; global_colors_info=&#8221;{}&#8221;][et_pb_column type=&#8221;4_4&#8243; _builder_version=&#8221;4.22.0&#8243; _module_preset=&#8221;default&#8221; global_colors_info=&#8221;{}&#8221;][et_pb_text module_id=&#8221;RESERVAR&#8221; _builder_version=&#8221;4.27.4&#8243; _module_preset=&#8221;_initial&#8221; header_font=&#8221;&#8211;et_global_heading_font|300|||||||&#8221; header_text_color=&#8221;#FFFFFF&#8221; header_font_size=&#8221;72px&#8221; header_letter_spacing=&#8221;1px&#8221; header_line_height=&#8221;1.2em&#8221; custom_margin=&#8221;||-1px|||&#8221; hover_enabled=&#8221;0&#8243; header_font_size_tablet=&#8221;62px&#8221; header_font_size_phone=&#8221;36px&#8221; header_font_size_last_edited=&#8221;on|desktop&#8221; header_text_shadow_style=&#8221;preset3&#8243; global_colors_info=&#8221;{}&#8221; sticky_enabled=&#8221;0&#8243;]<\/p>\n<h1 style=\"text-align: left;\">RESERVAR A VILA<\/h1>\n<p>[\/et_pb_text][et_pb_text _builder_version=&#8221;4.27.4&#8243; _module_preset=&#8221;default&#8221; text_font=&#8221;Montserrat||||||||&#8221; text_text_color=&#8221;#FFFFFF&#8221; custom_margin=&#8221;||5px|||&#8221; global_colors_info=&#8221;{}&#8221;]<\/p>\n<p>Uma experi\u00eancia que nunca esquecer\u00e1.<br \/><strong><\/strong><\/p>\n<p>[\/et_pb_text][\/et_pb_column][\/et_pb_row][et_pb_row _builder_version=&#8221;4.27.4&#8243; _module_preset=&#8221;default&#8221; background_color=&#8221;rgba(255,255,255,0.18)&#8221; custom_margin=&#8221;14px|auto||auto|false|&#8221; custom_padding=&#8221;0px|48px|0px|48px|true|true&#8221; border_width_all=&#8221;1px&#8221; border_color_all=&#8221;#FFFFFF&#8221; locked=&#8221;off&#8221; global_colors_info=&#8221;{}&#8221;][et_pb_column type=&#8221;4_4&#8243; _builder_version=&#8221;4.27.4&#8243; _module_preset=&#8221;default&#8221; global_colors_info=&#8221;{}&#8221;][et_pb_text _builder_version=&#8221;4.27.4&#8243; _module_preset=&#8221;default&#8221; text_text_color=&#8221;#FFFFFF&#8221; custom_padding=&#8221;0px|||||&#8221; global_colors_info=&#8221;{}&#8221;][booking resource_id=5 nummonths=3 options='{calendar months_num_in_row=1 width=100% cell_height=70px}&#8217;][\/et_pb_text][\/et_pb_column][\/et_pb_row][\/et_pb_section][et_pb_section fb_built=&#8221;1&#8243; admin_label=&#8221;Feature Section&#8221; _builder_version=&#8221;4.27.4&#8243; custom_padding=&#8221;0px||0px|&#8221; da_disable_devices=&#8221;off|off|off&#8221; locked=&#8221;off&#8221; global_colors_info=&#8221;{}&#8221; da_is_popup=&#8221;off&#8221; da_exit_intent=&#8221;off&#8221; da_has_close=&#8221;on&#8221; da_alt_close=&#8221;off&#8221; da_dark_close=&#8221;off&#8221; da_not_modal=&#8221;on&#8221; da_is_singular=&#8221;off&#8221; da_with_loader=&#8221;off&#8221; da_has_shadow=&#8221;on&#8221;][et_pb_row column_structure=&#8221;2_3,1_3&#8243; use_custom_gutter=&#8221;on&#8221; gutter_width=&#8221;1&#8243; make_equal=&#8221;on&#8221; admin_label=&#8221;Elementos 02 e 03&#8243; module_class=&#8221; et_pb_row_fullwidth&#8221; _builder_version=&#8221;4.27.4&#8243; width=&#8221;100%&#8221; width_tablet=&#8221;100%&#8221; width_phone=&#8221;100%&#8221; width_last_edited=&#8221;on|desktop&#8221; max_width=&#8221;100%&#8221; max_width_tablet=&#8221;100%&#8221; max_width_phone=&#8221;100%&#8221; max_width_last_edited=&#8221;on|desktop&#8221; custom_margin=&#8221;||||false&#8221; custom_padding=&#8221;0px||0px|&#8221; make_fullwidth=&#8221;on&#8221; global_colors_info=&#8221;{}&#8221;][et_pb_column type=&#8221;2_3&#8243; _builder_version=&#8221;4.27.4&#8243; background_image=&#8221;https:\/\/bomretiro.be\/wp-content\/uploads\/2025\/01\/pool-and-sun-deck-2-1.jpg&#8221; custom_padding=&#8221;110px||500px|5%&#8221; global_colors_info=&#8221;{}&#8221; custom_padding__hover=&#8221;|||&#8221;][\/et_pb_column][et_pb_column type=&#8221;1_3&#8243; _builder_version=&#8221;4.27.4&#8243; background_image=&#8221;https:\/\/bomretiro.be\/wp-content\/uploads\/2025\/01\/MG_7964.jpg&#8221; custom_padding=&#8221;500px||110px|5%&#8221; global_colors_info=&#8221;{}&#8221; custom_padding__hover=&#8221;|||&#8221;][\/et_pb_column][\/et_pb_row][\/et_pb_section]<\/p>\n","protected":false},"excerpt":{"rendered":"<p>TAXASUma vivenda de luxo que responde a todas as suas necessidades. Este tarifer inclui o aluguer de toda a resid\u00eancia: 8 Quartos, 8 Casas de banho com todas as comodidades e servi\u00e7os descritos em &#8220;Alojamento&#8221; e isto por 6 noites (sempre de Domingo a S\u00e1bado).A resid\u00eancia \u00e9 sempre alugada em exclusividade.1\/01 &#8211; 05\/0406\/04 &#8211; 28\/0629\/06 [&hellip;]<\/p>\n","protected":false},"author":1,"featured_media":0,"parent":0,"menu_order":0,"comment_status":"closed","ping_status":"closed","template":"","meta":{"_et_pb_use_builder":"on","_et_pb_old_content":"","_et_gb_content_width":"","iawp_total_views":0,"_glsr_average":0,"_glsr_ranking":0,"_glsr_reviews":0,"footnotes":""},"class_list":["post-749","page","type-page","status-publish","hentry"],"yoast_head":"<!-- This site is optimized with the Yoast SEO plugin v27.5 - https:\/\/yoast.com\/product\/yoast-seo-wordpress\/ -->\n<title>TAXAS &amp; RESERVAS - bomretiro<\/title>\n<meta name=\"robots\" content=\"index, follow, max-snippet:-1, max-image-preview:large, max-video-preview:-1\" \/>\n<link rel=\"canonical\" href=\"https:\/\/bomretiro.be\/rates-booking\/\" \/>\n<meta property=\"og:locale\" content=\"pt_PT\" \/>\n<meta property=\"og:type\" content=\"article\" \/>\n<meta property=\"og:title\" content=\"TAXAS &amp; RESERVAS - bomretiro\" \/>\n<meta property=\"og:description\" content=\"TAXASUma vivenda de luxo que responde a todas as suas necessidades. Este tarifer inclui o aluguer de toda a resid\u00eancia: 8 Quartos, 8 Casas de banho com todas as comodidades e servi\u00e7os descritos em &quot;Alojamento&quot; e isto por 6 noites (sempre de Domingo a S\u00e1bado).A resid\u00eancia \u00e9 sempre alugada em exclusividade.1\/01 - 05\/0406\/04 - 28\/0629\/06 [&hellip;]\" \/>\n<meta property=\"og:url\" content=\"https:\/\/bomretiro.be\/rates-booking\/\" \/>\n<meta property=\"og:site_name\" content=\"bomretiro\" \/>\n<meta property=\"article:modified_time\" content=\"2025-04-21T06:59:45+00:00\" \/>\n<meta name=\"twitter:card\" content=\"summary_large_image\" \/>\n<meta name=\"twitter:label1\" content=\"Tempo estimado de leitura\" \/>\n\t<meta name=\"twitter:data1\" content=\"6 minutos\" \/>\n<script type=\"application\/ld+json\" class=\"yoast-schema-graph\">{\"@context\":\"https:\\\/\\\/schema.org\",\"@graph\":[{\"@type\":\"WebPage\",\"@id\":\"https:\\\/\\\/bomretiro.be\\\/rates-booking\\\/\",\"url\":\"https:\\\/\\\/bomretiro.be\\\/rates-booking\\\/\",\"name\":\"TAXAS & RESERVAS - bomretiro\",\"isPartOf\":{\"@id\":\"https:\\\/\\\/bomretiro.be\\\/#website\"},\"datePublished\":\"2025-01-16T08:59:21+00:00\",\"dateModified\":\"2025-04-21T06:59:45+00:00\",\"breadcrumb\":{\"@id\":\"https:\\\/\\\/bomretiro.be\\\/rates-booking\\\/#breadcrumb\"},\"inLanguage\":\"pt-PT\",\"potentialAction\":[{\"@type\":\"ReadAction\",\"target\":[\"https:\\\/\\\/bomretiro.be\\\/rates-booking\\\/\"]}]},{\"@type\":\"BreadcrumbList\",\"@id\":\"https:\\\/\\\/bomretiro.be\\\/rates-booking\\\/#breadcrumb\",\"itemListElement\":[{\"@type\":\"ListItem\",\"position\":1,\"name\":\"Home\",\"item\":\"https:\\\/\\\/bomretiro.be\\\/pt-pt\\\/\"},{\"@type\":\"ListItem\",\"position\":2,\"name\":\"TAXAS &#038; RESERVAS\"}]},{\"@type\":\"WebSite\",\"@id\":\"https:\\\/\\\/bomretiro.be\\\/#website\",\"url\":\"https:\\\/\\\/bomretiro.be\\\/\",\"name\":\"bomretiro\",\"description\":\"\",\"potentialAction\":[{\"@type\":\"SearchAction\",\"target\":{\"@type\":\"EntryPoint\",\"urlTemplate\":\"https:\\\/\\\/bomretiro.be\\\/?s={search_term_string}\"},\"query-input\":{\"@type\":\"PropertyValueSpecification\",\"valueRequired\":true,\"valueName\":\"search_term_string\"}}],\"inLanguage\":\"pt-PT\"}]}<\/script>\n<!-- \/ Yoast SEO plugin. -->","yoast_head_json":{"title":"TAXAS & RESERVAS - bomretiro","robots":{"index":"index","follow":"follow","max-snippet":"max-snippet:-1","max-image-preview":"max-image-preview:large","max-video-preview":"max-video-preview:-1"},"canonical":"https:\/\/bomretiro.be\/rates-booking\/","og_locale":"pt_PT","og_type":"article","og_title":"TAXAS & RESERVAS - bomretiro","og_description":"TAXASUma vivenda de luxo que responde a todas as suas necessidades. Este tarifer inclui o aluguer de toda a resid\u00eancia: 8 Quartos, 8 Casas de banho com todas as comodidades e servi\u00e7os descritos em \"Alojamento\" e isto por 6 noites (sempre de Domingo a S\u00e1bado).A resid\u00eancia \u00e9 sempre alugada em exclusividade.1\/01 - 05\/0406\/04 - 28\/0629\/06 [&hellip;]","og_url":"https:\/\/bomretiro.be\/rates-booking\/","og_site_name":"bomretiro","article_modified_time":"2025-04-21T06:59:45+00:00","twitter_card":"summary_large_image","twitter_misc":{"Tempo estimado de leitura":"6 minutos"},"schema":{"@context":"https:\/\/schema.org","@graph":[{"@type":"WebPage","@id":"https:\/\/bomretiro.be\/rates-booking\/","url":"https:\/\/bomretiro.be\/rates-booking\/","name":"TAXAS & RESERVAS - bomretiro","isPartOf":{"@id":"https:\/\/bomretiro.be\/#website"},"datePublished":"2025-01-16T08:59:21+00:00","dateModified":"2025-04-21T06:59:45+00:00","breadcrumb":{"@id":"https:\/\/bomretiro.be\/rates-booking\/#breadcrumb"},"inLanguage":"pt-PT","potentialAction":[{"@type":"ReadAction","target":["https:\/\/bomretiro.be\/rates-booking\/"]}]},{"@type":"BreadcrumbList","@id":"https:\/\/bomretiro.be\/rates-booking\/#breadcrumb","itemListElement":[{"@type":"ListItem","position":1,"name":"Home","item":"https:\/\/bomretiro.be\/pt-pt\/"},{"@type":"ListItem","position":2,"name":"TAXAS &#038; RESERVAS"}]},{"@type":"WebSite","@id":"https:\/\/bomretiro.be\/#website","url":"https:\/\/bomretiro.be\/","name":"bomretiro","description":"","potentialAction":[{"@type":"SearchAction","target":{"@type":"EntryPoint","urlTemplate":"https:\/\/bomretiro.be\/?s={search_term_string}"},"query-input":{"@type":"PropertyValueSpecification","valueRequired":true,"valueName":"search_term_string"}}],"inLanguage":"pt-PT"}]}},"_links":{"self":[{"href":"https:\/\/bomretiro.be\/pt-pt\/wp-json\/wp\/v2\/pages\/749","targetHints":{"allow":["GET"]}}],"collection":[{"href":"https:\/\/bomretiro.be\/pt-pt\/wp-json\/wp\/v2\/pages"}],"about":[{"href":"https:\/\/bomretiro.be\/pt-pt\/wp-json\/wp\/v2\/types\/page"}],"author":[{"embeddable":true,"href":"https:\/\/bomretiro.be\/pt-pt\/wp-json\/wp\/v2\/users\/1"}],"replies":[{"embeddable":true,"href":"https:\/\/bomretiro.be\/pt-pt\/wp-json\/wp\/v2\/comments?post=749"}],"version-history":[{"count":5,"href":"https:\/\/bomretiro.be\/pt-pt\/wp-json\/wp\/v2\/pages\/749\/revisions"}],"predecessor-version":[{"id":1609,"href":"https:\/\/bomretiro.be\/pt-pt\/wp-json\/wp\/v2\/pages\/749\/revisions\/1609"}],"wp:attachment":[{"href":"https:\/\/bomretiro.be\/pt-pt\/wp-json\/wp\/v2\/media?parent=749"}],"curies":[{"name":"wp","href":"https:\/\/api.w.org\/{rel}","templated":true}]}}