{"id":1110,"date":"2025-02-04T04:35:43","date_gmt":"2025-02-04T04:35:43","guid":{"rendered":"https:\/\/bomretiro.be\/faq\/"},"modified":"2025-03-06T08:40:44","modified_gmt":"2025-03-06T08:40:44","slug":"faq","status":"publish","type":"page","link":"https:\/\/bomretiro.be\/pt-pt\/faq\/","title":{"rendered":"FAQ"},"content":{"rendered":"<p>[et_pb_section fb_built=&#8221;1&#8243; _builder_version=&#8221;4.27.4&#8243; _module_preset=&#8221;default&#8221; background_color=&#8221;#003456&#8243; background_enable_image=&#8221;off&#8221; background_blend=&#8221;multiply&#8221; custom_margin=&#8221;||||false|false&#8221; custom_padding=&#8221;66px||66px||true|false&#8221; box_shadow_style=&#8221;preset6&#8243; box_shadow_horizontal=&#8221;3px&#8221; box_shadow_blur=&#8221;45px&#8221; locked=&#8221;off&#8221; global_colors_info=&#8221;{}&#8221; da_is_popup=&#8221;off&#8221; da_exit_intent=&#8221;off&#8221; da_has_close=&#8221;on&#8221; da_alt_close=&#8221;off&#8221; da_dark_close=&#8221;off&#8221; da_not_modal=&#8221;on&#8221; da_is_singular=&#8221;off&#8221; da_with_loader=&#8221;off&#8221; da_has_shadow=&#8221;on&#8221; da_disable_devices=&#8221;off|off|off&#8221;][et_pb_row _builder_version=&#8221;4.27.4&#8243; _module_preset=&#8221;default&#8221; locked=&#8221;off&#8221; global_colors_info=&#8221;{}&#8221;][et_pb_column type=&#8221;4_4&#8243; _builder_version=&#8221;4.22.0&#8243; _module_preset=&#8221;default&#8221; global_colors_info=&#8221;{}&#8221;][et_pb_text _builder_version=&#8221;4.27.4&#8243; _module_preset=&#8221;_initial&#8221; header_font=&#8221;&#8211;et_global_heading_font|300|||||||&#8221; header_text_color=&#8221;#FFFFFF&#8221; header_font_size=&#8221;72px&#8221; header_letter_spacing=&#8221;1px&#8221; header_line_height=&#8221;1.2em&#8221; custom_margin=&#8221;||-1px|||&#8221; header_font_size_tablet=&#8221;62px&#8221; header_font_size_phone=&#8221;62px&#8221; header_font_size_last_edited=&#8221;on|desktop&#8221; header_text_shadow_style=&#8221;preset3&#8243; global_colors_info=&#8221;{}&#8221;]<\/p>\n<h1 style=\"text-align: left;\">FAQ<\/h1>\n<p>[\/et_pb_text][et_pb_text _builder_version=&#8221;4.27.4&#8243; _module_preset=&#8221;default&#8221; text_font=&#8221;Montserrat||||||||&#8221; text_text_color=&#8221;#FFFFFF&#8221; global_colors_info=&#8221;{}&#8221;]<\/p>\n<p>Perguntas mais frequentes<\/p>\n<p>[\/et_pb_text][\/et_pb_column][\/et_pb_row][\/et_pb_section][et_pb_section fb_built=&#8221;1&#8243; _builder_version=&#8221;4.27.4&#8243; _module_preset=&#8221;default&#8221; background_color=&#8221;rgba(0,52,86,0.93)&#8221; global_colors_info=&#8221;{}&#8221; da_is_popup=&#8221;off&#8221; da_exit_intent=&#8221;off&#8221; da_has_close=&#8221;on&#8221; da_alt_close=&#8221;off&#8221; da_dark_close=&#8221;off&#8221; da_not_modal=&#8221;on&#8221; da_is_singular=&#8221;off&#8221; da_with_loader=&#8221;off&#8221; da_has_shadow=&#8221;on&#8221; da_disable_devices=&#8221;off|off|off&#8221;][et_pb_row column_structure=&#8221;1_2,1_2&#8243; _builder_version=&#8221;4.27.4&#8243; _module_preset=&#8221;default&#8221; max_width=&#8221;1280px&#8221; global_colors_info=&#8221;{}&#8221;][et_pb_column type=&#8221;1_2&#8243; _builder_version=&#8221;4.27.4&#8243; _module_preset=&#8221;default&#8221; global_colors_info=&#8221;{}&#8221;][et_pb_toggle title=&#8221;Quais s\u00e3o as carater\u00edsticas da moradia de luxo no Algarve oferecida pelo Bom Retiro?&#8221; _builder_version=&#8221;4.27.4&#8243; _module_preset=&#8221;default&#8221; title_text_color=&#8221;#003456&#8243; title_level=&#8221;h6&#8243; title_font_size=&#8221;20px&#8221; title_letter_spacing=&#8221;1px&#8221; body_font=&#8221;&#8211;et_global_body_font||||||||&#8221; body_line_height=&#8221;1.8em&#8221; hover_enabled=&#8221;0&#8243; global_colors_info=&#8221;{}&#8221; title_font=&#8221;&#8211;et_global_body_font|500|||||||&#8221; sticky_enabled=&#8221;0&#8243; title_line_height=&#8221;1.3em&#8221;]<\/p>\n<p>A nossa vivenda de luxo no Algarve tem 8 quartos duplos com casa de banho privativa, uma grande piscina aquecida, um jacuzzi &amp; hammam, uma cozinha totalmente equipada, um shala de yoga e medita\u00e7\u00e3o para uma estadia inesquec\u00edvel.<\/p>\n<p>[\/et_pb_toggle][et_pb_toggle title=&#8221;Que servi\u00e7os oferecem para um retiro de ioga no Algarve?&#8221; _builder_version=&#8221;4.27.4&#8243; _module_preset=&#8221;default&#8221; title_text_color=&#8221;#003456&#8243; title_level=&#8221;h6&#8243; title_font_size=&#8221;20px&#8221; title_letter_spacing=&#8221;1px&#8221; body_font=&#8221;&#8211;et_global_body_font||||||||&#8221; body_line_height=&#8221;1.8em&#8221; hover_enabled=&#8221;0&#8243; global_colors_info=&#8221;{}&#8221; title_font=&#8221;&#8211;et_global_body_font|500|||||||&#8221; sticky_enabled=&#8221;0&#8243; title_line_height=&#8221;1.3em&#8221;]<\/p>\n<p>Oferecemos um espa\u00e7oso e totalmente equipado yoga shala, sala de massagens e cozinha saud\u00e1vel para um retiro de yoga deslumbrante e rejuvenescedor no Algarve.<\/p>\n<p>[\/et_pb_toggle][et_pb_toggle title=&#8221;Como reservar um aluguer de f\u00e9rias em Portugal com o Bom Retiro?&#8221; _builder_version=&#8221;4.27.4&#8243; _module_preset=&#8221;default&#8221; title_text_color=&#8221;#003456&#8243; title_level=&#8221;h6&#8243; title_font_size=&#8221;20px&#8221; title_letter_spacing=&#8221;1px&#8221; body_font=&#8221;&#8211;et_global_body_font||||||||&#8221; body_line_height=&#8221;1.8em&#8221; hover_enabled=&#8221;0&#8243; global_colors_info=&#8221;{}&#8221; title_font=&#8221;&#8211;et_global_body_font|500|||||||&#8221; sticky_enabled=&#8221;0&#8243; title_line_height=&#8221;1.3em&#8221;]<\/p>\n<p>Para reservar o seu aluguer de f\u00e9rias em Portugal, basta contactar-nos atrav\u00e9s do nosso site ou por telefone. Teremos todo o gosto em ajud\u00e1-lo a organizar a sua estadia. <\/p>\n<p>[\/et_pb_toggle][\/et_pb_column][et_pb_column type=&#8221;1_2&#8243; _builder_version=&#8221;4.27.4&#8243; _module_preset=&#8221;default&#8221; global_colors_info=&#8221;{}&#8221;][et_pb_toggle title=&#8221;O Bom Retiro \u00e9 adequado para um aluguer de f\u00e9rias em fam\u00edlia em Portugal?&#8221; _builder_version=&#8221;4.27.4&#8243; _module_preset=&#8221;default&#8221; title_text_color=&#8221;#003456&#8243; title_level=&#8221;h6&#8243; title_font_size=&#8221;20px&#8221; title_letter_spacing=&#8221;1px&#8221; body_font=&#8221;&#8211;et_global_body_font||||||||&#8221; body_line_height=&#8221;1.8em&#8221; hover_enabled=&#8221;0&#8243; global_colors_info=&#8221;{}&#8221; title_font=&#8221;&#8211;et_global_body_font|500|||||||&#8221; sticky_enabled=&#8221;0&#8243; title_line_height=&#8221;1.3em&#8221;]<\/p>\n<p>Absolutamente, o nosso alojamento familiar em Portugal \u00e9 ideal para fam\u00edlias, oferecendo instala\u00e7\u00f5es como uma piscina aquecida segura, sala de massagens, sala de jogos, petanca e espa\u00e7os exteriores para que jovens e idosos possam desfrutar ao m\u00e1ximo.<\/p>\n<p>[\/et_pb_toggle][et_pb_toggle title=&#8221;Que actividades de bem-estar est\u00e3o dispon\u00edveis durante uma estadia no Algarve no Bom Retiro?&#8221; _builder_version=&#8221;4.27.4&#8243; _module_preset=&#8221;default&#8221; title_text_color=&#8221;#003456&#8243; title_level=&#8221;h6&#8243; title_font_size=&#8221;20px&#8221; title_letter_spacing=&#8221;1px&#8221; body_font=&#8221;&#8211;et_global_body_font||||||||&#8221; body_line_height=&#8221;1.8em&#8221; hover_enabled=&#8221;0&#8243; global_colors_info=&#8221;{}&#8221; title_font=&#8221;&#8211;et_global_body_font|500|||||||&#8221; sticky_enabled=&#8221;0&#8243; title_line_height=&#8221;1.3em&#8221;]<\/p>\n<p>Durante a sua estadia no Bom Retiro, no Algarve, pode desfrutar de sess\u00f5es de ioga, massagens relaxantes, uma sala de fitness e passeios no nosso exuberante jardim.<\/p>\n<p>[\/et_pb_toggle][\/et_pb_column][\/et_pb_row][\/et_pb_section]<\/p>\n","protected":false},"excerpt":{"rendered":"<p>FAQPerguntas mais frequentesA nossa vivenda de luxo no Algarve tem 8 quartos duplos com casa de banho privativa, uma grande piscina aquecida, um jacuzzi &amp; hammam, uma cozinha totalmente equipada, um shala de yoga e medita\u00e7\u00e3o para uma estadia inesquec\u00edvel.Oferecemos um espa\u00e7oso e totalmente equipado yoga shala, sala de massagens e cozinha saud\u00e1vel para um [&hellip;]<\/p>\n","protected":false},"author":1,"featured_media":0,"parent":0,"menu_order":0,"comment_status":"closed","ping_status":"closed","template":"","meta":{"_et_pb_use_builder":"on","_et_pb_old_content":"","_et_gb_content_width":"","_glsr_average":0,"_glsr_ranking":0,"_glsr_reviews":0,"footnotes":""},"class_list":["post-1110","page","type-page","status-publish","hentry"],"yoast_head":"<!-- This site is optimized with the Yoast SEO plugin v27.3 - https:\/\/yoast.com\/product\/yoast-seo-wordpress\/ -->\n<title>FAQ - bomretiro<\/title>\n<meta name=\"robots\" content=\"index, follow, max-snippet:-1, max-image-preview:large, max-video-preview:-1\" \/>\n<link rel=\"canonical\" href=\"https:\/\/bomretiro.be\/faq\/\" \/>\n<meta property=\"og:locale\" content=\"pt_PT\" \/>\n<meta property=\"og:type\" content=\"article\" \/>\n<meta property=\"og:title\" content=\"FAQ - bomretiro\" \/>\n<meta property=\"og:description\" content=\"FAQPerguntas mais frequentesA nossa vivenda de luxo no Algarve tem 8 quartos duplos com casa de banho privativa, uma grande piscina aquecida, um jacuzzi &amp; hammam, uma cozinha totalmente equipada, um shala de yoga e medita\u00e7\u00e3o para uma estadia inesquec\u00edvel.Oferecemos um espa\u00e7oso e totalmente equipado yoga shala, sala de massagens e cozinha saud\u00e1vel para um [&hellip;]\" \/>\n<meta property=\"og:url\" content=\"https:\/\/bomretiro.be\/faq\/\" \/>\n<meta property=\"og:site_name\" content=\"bomretiro\" \/>\n<meta property=\"article:modified_time\" content=\"2025-03-06T08:40:44+00:00\" \/>\n<meta name=\"twitter:card\" content=\"summary_large_image\" \/>\n<meta name=\"twitter:label1\" content=\"Tempo estimado de leitura\" \/>\n\t<meta name=\"twitter:data1\" content=\"4 minutos\" \/>\n<script type=\"application\/ld+json\" class=\"yoast-schema-graph\">{\"@context\":\"https:\\\/\\\/schema.org\",\"@graph\":[{\"@type\":\"WebPage\",\"@id\":\"https:\\\/\\\/bomretiro.be\\\/faq\\\/\",\"url\":\"https:\\\/\\\/bomretiro.be\\\/faq\\\/\",\"name\":\"FAQ - bomretiro\",\"isPartOf\":{\"@id\":\"https:\\\/\\\/bomretiro.be\\\/#website\"},\"datePublished\":\"2025-02-04T04:35:43+00:00\",\"dateModified\":\"2025-03-06T08:40:44+00:00\",\"breadcrumb\":{\"@id\":\"https:\\\/\\\/bomretiro.be\\\/faq\\\/#breadcrumb\"},\"inLanguage\":\"pt-PT\",\"potentialAction\":[{\"@type\":\"ReadAction\",\"target\":[\"https:\\\/\\\/bomretiro.be\\\/faq\\\/\"]}]},{\"@type\":\"BreadcrumbList\",\"@id\":\"https:\\\/\\\/bomretiro.be\\\/faq\\\/#breadcrumb\",\"itemListElement\":[{\"@type\":\"ListItem\",\"position\":1,\"name\":\"Home\",\"item\":\"https:\\\/\\\/bomretiro.be\\\/pt-pt\\\/\"},{\"@type\":\"ListItem\",\"position\":2,\"name\":\"FAQ\"}]},{\"@type\":\"WebSite\",\"@id\":\"https:\\\/\\\/bomretiro.be\\\/#website\",\"url\":\"https:\\\/\\\/bomretiro.be\\\/\",\"name\":\"bomretiro\",\"description\":\"\",\"potentialAction\":[{\"@type\":\"SearchAction\",\"target\":{\"@type\":\"EntryPoint\",\"urlTemplate\":\"https:\\\/\\\/bomretiro.be\\\/?s={search_term_string}\"},\"query-input\":{\"@type\":\"PropertyValueSpecification\",\"valueRequired\":true,\"valueName\":\"search_term_string\"}}],\"inLanguage\":\"pt-PT\"}]}<\/script>\n<!-- \/ Yoast SEO plugin. -->","yoast_head_json":{"title":"FAQ - bomretiro","robots":{"index":"index","follow":"follow","max-snippet":"max-snippet:-1","max-image-preview":"max-image-preview:large","max-video-preview":"max-video-preview:-1"},"canonical":"https:\/\/bomretiro.be\/faq\/","og_locale":"pt_PT","og_type":"article","og_title":"FAQ - bomretiro","og_description":"FAQPerguntas mais frequentesA nossa vivenda de luxo no Algarve tem 8 quartos duplos com casa de banho privativa, uma grande piscina aquecida, um jacuzzi &amp; hammam, uma cozinha totalmente equipada, um shala de yoga e medita\u00e7\u00e3o para uma estadia inesquec\u00edvel.Oferecemos um espa\u00e7oso e totalmente equipado yoga shala, sala de massagens e cozinha saud\u00e1vel para um [&hellip;]","og_url":"https:\/\/bomretiro.be\/faq\/","og_site_name":"bomretiro","article_modified_time":"2025-03-06T08:40:44+00:00","twitter_card":"summary_large_image","twitter_misc":{"Tempo estimado de leitura":"4 minutos"},"schema":{"@context":"https:\/\/schema.org","@graph":[{"@type":"WebPage","@id":"https:\/\/bomretiro.be\/faq\/","url":"https:\/\/bomretiro.be\/faq\/","name":"FAQ - bomretiro","isPartOf":{"@id":"https:\/\/bomretiro.be\/#website"},"datePublished":"2025-02-04T04:35:43+00:00","dateModified":"2025-03-06T08:40:44+00:00","breadcrumb":{"@id":"https:\/\/bomretiro.be\/faq\/#breadcrumb"},"inLanguage":"pt-PT","potentialAction":[{"@type":"ReadAction","target":["https:\/\/bomretiro.be\/faq\/"]}]},{"@type":"BreadcrumbList","@id":"https:\/\/bomretiro.be\/faq\/#breadcrumb","itemListElement":[{"@type":"ListItem","position":1,"name":"Home","item":"https:\/\/bomretiro.be\/pt-pt\/"},{"@type":"ListItem","position":2,"name":"FAQ"}]},{"@type":"WebSite","@id":"https:\/\/bomretiro.be\/#website","url":"https:\/\/bomretiro.be\/","name":"bomretiro","description":"","potentialAction":[{"@type":"SearchAction","target":{"@type":"EntryPoint","urlTemplate":"https:\/\/bomretiro.be\/?s={search_term_string}"},"query-input":{"@type":"PropertyValueSpecification","valueRequired":true,"valueName":"search_term_string"}}],"inLanguage":"pt-PT"}]}},"_links":{"self":[{"href":"https:\/\/bomretiro.be\/pt-pt\/wp-json\/wp\/v2\/pages\/1110","targetHints":{"allow":["GET"]}}],"collection":[{"href":"https:\/\/bomretiro.be\/pt-pt\/wp-json\/wp\/v2\/pages"}],"about":[{"href":"https:\/\/bomretiro.be\/pt-pt\/wp-json\/wp\/v2\/types\/page"}],"author":[{"embeddable":true,"href":"https:\/\/bomretiro.be\/pt-pt\/wp-json\/wp\/v2\/users\/1"}],"replies":[{"embeddable":true,"href":"https:\/\/bomretiro.be\/pt-pt\/wp-json\/wp\/v2\/comments?post=1110"}],"version-history":[{"count":2,"href":"https:\/\/bomretiro.be\/pt-pt\/wp-json\/wp\/v2\/pages\/1110\/revisions"}],"predecessor-version":[{"id":1112,"href":"https:\/\/bomretiro.be\/pt-pt\/wp-json\/wp\/v2\/pages\/1110\/revisions\/1112"}],"wp:attachment":[{"href":"https:\/\/bomretiro.be\/pt-pt\/wp-json\/wp\/v2\/media?parent=1110"}],"curies":[{"name":"wp","href":"https:\/\/api.w.org\/{rel}","templated":true}]}}